{"id":3449,"date":"2023-03-09T18:44:15","date_gmt":"2023-03-09T16:44:15","guid":{"rendered":"http:\/\/www.guazzini.com\/blog\/?page_id=3449"},"modified":"2023-03-09T18:50:26","modified_gmt":"2023-03-09T16:50:26","slug":"a-propos","status":"publish","type":"page","link":"http:\/\/www.guazzini.com\/blog\/?page_id=3449","title":{"rendered":"A propos"},"content":{"rendered":"<p><a href=\"https:\/\/www.flickr.com\/people\/guazzini\/\" target=\"_blank\" rel=\"noopener\"><img loading=\"lazy\" decoding=\"async\" class=\"alignleft wp-image-3453 size-medium\" title=\"David Guazzini\" src=\"http:\/\/www.guazzini.com\/blog\/wp-content\/uploads\/2023\/03\/David-225x300.jpg\" alt=\"David Guazzini\" width=\"225\" height=\"300\" srcset=\"http:\/\/www.guazzini.com\/blog\/wp-content\/uploads\/2023\/03\/David-225x300.jpg 225w, http:\/\/www.guazzini.com\/blog\/wp-content\/uploads\/2023\/03\/David-769x1024.jpg 769w, http:\/\/www.guazzini.com\/blog\/wp-content\/uploads\/2023\/03\/David-768x1022.jpg 768w, http:\/\/www.guazzini.com\/blog\/wp-content\/uploads\/2023\/03\/David-1154x1536.jpg 1154w, http:\/\/www.guazzini.com\/blog\/wp-content\/uploads\/2023\/03\/David.jpg 1202w\" sizes=\"auto, (max-width: 225px) 100vw, 225px\" \/><\/a>Simple amateur, j&rsquo;adore le portrait mais je ne suis pas assez bon, comme je le souhaiterai. Je ruse alors, enrobant mes sujets dans des contextes curieux, tr\u00e8s contrastant ; quand je les trouve (soit les sujets, soit les lieux, mdr) les r\u00e9sultats sont encourageants.Ayant la m\u00e9moire d&rsquo;un poisson rouge, la photo m&rsquo;aide \u00e0 me souvenir d&rsquo;un moment, d&rsquo;un v\u00e9cu qui ne reviendra surement jamais.<\/p>\n<p>P\u00e8re de deux filles, je suis fan des femmes et de leurs immenses capacit\u00e9s, au del\u00e0 de leur insaisissable \u00e9l\u00e9gance et beaut\u00e9.&nbsp;Gr\u00e2ce \u00e0 tout \u00e7a, je me consid\u00e8re tr\u00e8s chanceux.<\/p>\n","protected":false},"excerpt":{"rendered":"<p>Simple amateur, j&rsquo;adore le portrait mais je ne suis pas assez bon, comme je le souhaiterai. Je ruse alors, enrobant mes sujets dans des contextes curieux, tr\u00e8s contrastant ; quand je les trouve (soit les sujets, soit les lieux, mdr) &hellip; <a href=\"http:\/\/www.guazzini.com\/blog\/?page_id=3449\">Continuer la lecture <span class=\"meta-nav\">&rarr;<\/span><\/a><\/p>\n","protected":false},"author":1,"featured_media":0,"parent":0,"menu_order":2,"comment_status":"closed","ping_status":"closed","template":"","meta":{"_exactmetrics_skip_tracking":false,"_exactmetrics_sitenote_active":false,"_exactmetrics_sitenote_note":"","_exactmetrics_sitenote_category":0,"ngg_post_thumbnail":0,"footnotes":""},"class_list":["post-3449","page","type-page","status-publish","hentry"],"_links":{"self":[{"href":"http:\/\/www.guazzini.com\/blog\/index.php?rest_route=\/wp\/v2\/pages\/3449","targetHints":{"allow":["GET"]}}],"collection":[{"href":"http:\/\/www.guazzini.com\/blog\/index.php?rest_route=\/wp\/v2\/pages"}],"about":[{"href":"http:\/\/www.guazzini.com\/blog\/index.php?rest_route=\/wp\/v2\/types\/page"}],"author":[{"embeddable":true,"href":"http:\/\/www.guazzini.com\/blog\/index.php?rest_route=\/wp\/v2\/users\/1"}],"replies":[{"embeddable":true,"href":"http:\/\/www.guazzini.com\/blog\/index.php?rest_route=%2Fwp%2Fv2%2Fcomments&post=3449"}],"version-history":[{"count":5,"href":"http:\/\/www.guazzini.com\/blog\/index.php?rest_route=\/wp\/v2\/pages\/3449\/revisions"}],"predecessor-version":[{"id":3456,"href":"http:\/\/www.guazzini.com\/blog\/index.php?rest_route=\/wp\/v2\/pages\/3449\/revisions\/3456"}],"wp:attachment":[{"href":"http:\/\/www.guazzini.com\/blog\/index.php?rest_route=%2Fwp%2Fv2%2Fmedia&parent=3449"}],"curies":[{"name":"wp","href":"https:\/\/api.w.org\/{rel}","templated":true}]}}